{"id":36,"date":"2025-08-07T11:10:38","date_gmt":"2025-08-07T11:10:38","guid":{"rendered":"https:\/\/videochefgastro.com\/?page_id=36"},"modified":"2025-09-11T12:43:47","modified_gmt":"2025-09-11T12:43:47","slug":"concursos-de-cocina-profesional","status":"publish","type":"page","link":"https:\/\/videochefgastro.com\/index.php\/concursos-de-cocina-profesional\/","title":{"rendered":"Concursos de cocina profesional"},"content":{"rendered":"<p>[et_pb_section fb_built=\u00bb1&#8243; _builder_version=\u00bb4.27.4&#8243; _module_preset=\u00bbdefault\u00bb background_color=\u00bb#d3eb42&#8243; custom_padding=\u00bb6vw||6vw||true|false\u00bb global_colors_info=\u00bb{}\u00bb][et_pb_row column_structure=\u00bb3_5,2_5&#8243; _builder_version=\u00bb4.27.4&#8243; _module_preset=\u00bbdefault\u00bb global_colors_info=\u00bb{}\u00bb][et_pb_column type=\u00bb3_5&#8243; _builder_version=\u00bb4.27.4&#8243; _module_preset=\u00bbdefault\u00bb global_colors_info=\u00bb{}\u00bb][et_pb_text _builder_version=\u00bb4.27.4&#8243; _module_preset=\u00bbdefault\u00bb header_font=\u00bbAnton||||||||\u00bb header_text_color=\u00bb#121212&#8243; header_font_size=\u00bb72px\u00bb header_letter_spacing=\u00bb0.02em\u00bb header_line_height=\u00bb1.1em\u00bb header_font_size_tablet=\u00bb40px\u00bb header_font_size_phone=\u00bb24px\u00bb header_font_size_last_edited=\u00bbon|phone\u00bb global_colors_info=\u00bb{}\u00bb]<\/p>\n<h1>CONCURSOS DE COCINA PROFESIONAL<\/h1>\n<p>[\/et_pb_text][et_pb_text _builder_version=\u00bb4.27.4&#8243; _module_preset=\u00bbdefault\u00bb text_font=\u00bbInter||||||||\u00bb text_text_color=\u00bb#121212&#8243; text_line_height=\u00bb1.8em\u00bb text_font_size_tablet=\u00bb15px\u00bb text_font_size_phone=\u00bb15px\u00bb text_font_size_last_edited=\u00bbon|tablet\u00bb global_colors_info=\u00bb{}\u00bb]<\/p>\n<p>Describimos la esencia de los concursos de cocina desde la concepci\u00f3n hasta el desarrollo final, transmitiendo la emoci\u00f3n, el esfuerzo de los concursantes, la excelencia del jurado, y al final la explosi\u00f3n del momento tan esperado cuando los ganadores descubren que lo son. Creamos los concursos de principio a fin desde <a href=\"https:\/\/www.imagenlimite.com\/\" target=\"_blank\" rel=\"noopener\">IMAGEN L\u00cdMITE<\/a>, y grabamos y editamos todo el proceso.<\/p>\n<p>[\/et_pb_text][et_pb_button button_url=\u00bbhttps:\/\/storytellingastro.com\/concursos\/\u00bb button_text=\u00bbConcursos de cocina profesional\u00bb _builder_version=\u00bb4.27.4&#8243; _module_preset=\u00bbdefault\u00bb custom_button=\u00bbon\u00bb button_text_size=\u00bb14px\u00bb button_text_color=\u00bb#d3eb42&#8243; button_bg_color=\u00bb#000000&#8243; button_border_width=\u00bb0px\u00bb button_border_radius=\u00bb100px\u00bb button_font=\u00bbInter|700|||||||\u00bb custom_padding=\u00bb16px|40px|16px|40px|true|true\u00bb global_colors_info=\u00bb{}\u00bb][\/et_pb_button][\/et_pb_column][et_pb_column type=\u00bb2_5&#8243; _builder_version=\u00bb4.27.4&#8243; _module_preset=\u00bbdefault\u00bb global_colors_info=\u00bb{}\u00bb][et_pb_image src=\u00bbhttps:\/\/videochefgastro.com\/wp-content\/uploads\/2025\/08\/Receta-isola-di-mogador.png\u00bb alt=\u00bbReceta isola di mogador\u00bb title_text=\u00bbReceta-isola-di-mogador\u00bb align=\u00bbcenter\u00bb _builder_version=\u00bb4.27.4&#8243; _module_preset=\u00bbdefault\u00bb transform_scale_tablet=\u00bb\u00bb transform_scale_phone=\u00bb\u00bb transform_scale_last_edited=\u00bbon|tablet\u00bb transform_translate_tablet=\u00bb\u00bb transform_translate_phone=\u00bb\u00bb transform_translate_last_edited=\u00bbon|desktop\u00bb transform_rotate=\u00bb20deg|0deg|355deg\u00bb transform_rotate_tablet=\u00bb0deg|0deg|0deg\u00bb transform_rotate_phone=\u00bb0deg|0deg|0deg\u00bb transform_rotate_last_edited=\u00bbon|desktop\u00bb transform_skew=\u00bb23deg|0deg\u00bb transform_skew_tablet=\u00bb0deg|0deg\u00bb transform_skew_phone=\u00bb0deg|0deg\u00bb transform_skew_last_edited=\u00bbon|desktop\u00bb transform_skew_linked=\u00bboff\u00bb transform_origin_tablet=\u00bb\u00bb transform_origin_phone=\u00bb\u00bb transform_origin_last_edited=\u00bbon|desktop\u00bb transform_styles_last_edited=\u00bbon|tablet\u00bb max_width_tablet=\u00bb500px\u00bb max_width_phone=\u00bb500px\u00bb max_width_last_edited=\u00bbon|tablet\u00bb custom_margin=\u00bb|-5%|-30%|5%|false|false\u00bb custom_margin_tablet=\u00bb||-10%||false|false\u00bb custom_margin_phone=\u00bb||-10%||false|false\u00bb custom_margin_last_edited=\u00bbon|tablet\u00bb transform_styles_tablet=\u00bb\u00bb transform_styles_phone=\u00bb\u00bb border_radii=\u00bbon|10px|10px|10px|10px\u00bb border_width_bottom=\u00bb2px\u00bb border_color_bottom=\u00bb#FFFFFF\u00bb border_width_left=\u00bb2px\u00bb border_color_left=\u00bb#FFFFFF\u00bb box_shadow_style=\u00bbpreset1&#8243; box_shadow_horizontal=\u00bb-30px\u00bb box_shadow_vertical=\u00bb30px\u00bb box_shadow_blur=\u00bb60px\u00bb box_shadow_color=\u00bbrgba(202,113,221,0.3)\u00bb global_colors_info=\u00bb{}\u00bb][\/et_pb_image][et_pb_image src=\u00bbhttps:\/\/videochefgastro.com\/wp-content\/uploads\/2025\/08\/plato-Alessandro-Tormolino.png\u00bb alt=\u00bbReceta isola di mogador\u00bb title_text=\u00bbplato-Alessandro-Tormolino\u00bb align=\u00bbcenter\u00bb _builder_version=\u00bb4.27.4&#8243; _module_preset=\u00bbdefault\u00bb transform_scale_tablet=\u00bb\u00bb transform_scale_phone=\u00bb\u00bb transform_scale_last_edited=\u00bbon|tablet\u00bb transform_translate_tablet=\u00bb\u00bb transform_translate_phone=\u00bb\u00bb transform_translate_last_edited=\u00bbon|tablet\u00bb transform_rotate=\u00bb20deg|0deg|355deg\u00bb transform_rotate_tablet=\u00bb0deg|0deg|0deg\u00bb transform_rotate_phone=\u00bb0deg|0deg|0deg\u00bb transform_rotate_last_edited=\u00bbon|tablet\u00bb transform_skew=\u00bb23deg|0deg\u00bb transform_skew_tablet=\u00bb0deg|0deg\u00bb transform_skew_phone=\u00bb0deg|0deg\u00bb transform_skew_last_edited=\u00bbon|tablet\u00bb transform_skew_linked=\u00bboff\u00bb transform_origin_tablet=\u00bb\u00bb transform_origin_phone=\u00bb\u00bb transform_origin_last_edited=\u00bbon|tablet\u00bb transform_styles_last_edited=\u00bbon|tablet\u00bb max_width_tablet=\u00bb500px\u00bb max_width_phone=\u00bb500px\u00bb max_width_last_edited=\u00bbon|tablet\u00bb custom_margin=\u00bb|-5%|-30%|5%|false|false\u00bb custom_margin_tablet=\u00bb||-10%||false|false\u00bb custom_margin_phone=\u00bb||-10%||false|false\u00bb custom_margin_last_edited=\u00bbon|tablet\u00bb transform_styles_tablet=\u00bb\u00bb transform_styles_phone=\u00bb\u00bb border_radii=\u00bbon|10px|10px|10px|10px\u00bb border_width_bottom=\u00bb2px\u00bb border_color_bottom=\u00bb#FFFFFF\u00bb border_width_left=\u00bb2px\u00bb border_color_left=\u00bb#FFFFFF\u00bb box_shadow_style=\u00bbpreset1&#8243; box_shadow_horizontal=\u00bb-30px\u00bb box_shadow_vertical=\u00bb30px\u00bb box_shadow_blur=\u00bb60px\u00bb box_shadow_color=\u00bbrgba(202,113,221,0.3)\u00bb global_colors_info=\u00bb{}\u00bb][\/et_pb_image][et_pb_image src=\u00bbhttps:\/\/videochefgastro.com\/wp-content\/uploads\/2025\/08\/confesiones-antes-del-postre.png\u00bb alt=\u00bbJordi Cruz\u00bb title_text=\u00bbconfesiones-antes-del-postre\u00bb align=\u00bbcenter\u00bb _builder_version=\u00bb4.27.4&#8243; _module_preset=\u00bbdefault\u00bb transform_scale_tablet=\u00bb\u00bb transform_scale_phone=\u00bb\u00bb transform_scale_last_edited=\u00bbon|tablet\u00bb transform_translate_tablet=\u00bb\u00bb transform_translate_phone=\u00bb\u00bb transform_translate_last_edited=\u00bbon|tablet\u00bb transform_rotate=\u00bb20deg|0deg|355deg\u00bb transform_rotate_tablet=\u00bb0deg|0deg|0deg\u00bb transform_rotate_phone=\u00bb0deg|0deg|0deg\u00bb transform_rotate_last_edited=\u00bbon|tablet\u00bb transform_skew=\u00bb23deg|0deg\u00bb transform_skew_tablet=\u00bb0deg|0deg\u00bb transform_skew_phone=\u00bb0deg|0deg\u00bb transform_skew_last_edited=\u00bbon|tablet\u00bb transform_skew_linked=\u00bboff\u00bb transform_origin_tablet=\u00bb\u00bb transform_origin_phone=\u00bb\u00bb transform_origin_last_edited=\u00bbon|tablet\u00bb transform_styles_last_edited=\u00bbon|tablet\u00bb max_width_tablet=\u00bb500px\u00bb max_width_phone=\u00bb500px\u00bb max_width_last_edited=\u00bbon|tablet\u00bb custom_margin=\u00bb|-5%||5%|false|false\u00bb hover_enabled=\u00bb0&#8243; transform_styles_tablet=\u00bb\u00bb transform_styles_phone=\u00bb\u00bb border_radii=\u00bbon|10px|10px|10px|10px\u00bb border_width_bottom=\u00bb2px\u00bb border_color_bottom=\u00bb#FFFFFF\u00bb border_width_left=\u00bb2px\u00bb border_color_left=\u00bb#FFFFFF\u00bb box_shadow_style=\u00bbpreset1&#8243; box_shadow_horizontal=\u00bb-30px\u00bb box_shadow_vertical=\u00bb30px\u00bb box_shadow_blur=\u00bb60px\u00bb box_shadow_color=\u00bbrgba(202,113,221,0.3)\u00bb global_colors_info=\u00bb{}\u00bb sticky_enabled=\u00bb0&#8243;][\/et_pb_image][\/et_pb_column][\/et_pb_row][\/et_pb_section]<\/p>\n","protected":false},"excerpt":{"rendered":"<p>CONCURSOS DE COCINA PROFESIONALDescribimos la esencia de los concursos de cocina desde la concepci\u00f3n hasta el desarrollo final, transmitiendo la emoci\u00f3n, el esfuerzo de los concursantes, la excelencia del jurado, y al final la explosi\u00f3n del momento tan esperado cuando los ganadores descubren que lo son. Creamos los concursos de principio a fin desde IMAGEN [&hellip;]<\/p>\n","protected":false},"author":1,"featured_media":0,"parent":0,"menu_order":0,"comment_status":"closed","ping_status":"closed","template":"","meta":{"_et_pb_use_builder":"on","_et_pb_old_content":"<!-- wp:divi\/placeholder \/-->","_et_gb_content_width":"","footnotes":""},"class_list":["post-36","page","type-page","status-publish","hentry"],"yoast_head":"<!-- This site is optimized with the Yoast SEO plugin v25.6 - https:\/\/yoast.com\/wordpress\/plugins\/seo\/ -->\n<title>Concursos de Cocina Profesional \u2013 V\u00eddeos de eventos culinarios | V\u00eddeoChef Gastro<\/title>\n<meta name=\"description\" content=\"Contamos los mejores concursos de cocina profesional con v\u00eddeos din\u00e1micos y emocionantes. Potencia la visibilidad de tus eventos culinarios a trav\u00e9s de nuestras producciones audiovisuales.\" \/>\n<meta name=\"robots\" content=\"index, follow, max-snippet:-1, max-image-preview:large, max-video-preview:-1\" \/>\n<link rel=\"canonical\" href=\"https:\/\/videochefgastro.com\/index.php\/concursos-de-cocina-profesional\/\" \/>\n<meta property=\"og:locale\" content=\"es_ES\" \/>\n<meta property=\"og:type\" content=\"article\" \/>\n<meta property=\"og:title\" content=\"Concursos de Cocina Profesional \u2013 V\u00eddeos de eventos culinarios | V\u00eddeoChef Gastro\" \/>\n<meta property=\"og:description\" content=\"Contamos los mejores concursos de cocina profesional con v\u00eddeos din\u00e1micos y emocionantes. Potencia la visibilidad de tus eventos culinarios a trav\u00e9s de nuestras producciones audiovisuales.\" \/>\n<meta property=\"og:url\" content=\"https:\/\/videochefgastro.com\/index.php\/concursos-de-cocina-profesional\/\" \/>\n<meta property=\"og:site_name\" content=\"V\u00eddeo Chef Gastro\" \/>\n<meta property=\"article:modified_time\" content=\"2025-09-11T12:43:47+00:00\" \/>\n<meta name=\"twitter:card\" content=\"summary_large_image\" \/>\n<meta name=\"twitter:label1\" content=\"Tiempo de lectura\" \/>\n\t<meta name=\"twitter:data1\" content=\"1 minuto\" \/>\n<script type=\"application\/ld+json\" class=\"yoast-schema-graph\">{\"@context\":\"https:\/\/schema.org\",\"@graph\":[{\"@type\":\"WebPage\",\"@id\":\"https:\/\/videochefgastro.com\/index.php\/concursos-de-cocina-profesional\/\",\"url\":\"https:\/\/videochefgastro.com\/index.php\/concursos-de-cocina-profesional\/\",\"name\":\"Concursos de Cocina Profesional \u2013 V\u00eddeos de eventos culinarios | V\u00eddeoChef Gastro\",\"isPartOf\":{\"@id\":\"https:\/\/videochefgastro.com\/#website\"},\"datePublished\":\"2025-08-07T11:10:38+00:00\",\"dateModified\":\"2025-09-11T12:43:47+00:00\",\"description\":\"Contamos los mejores concursos de cocina profesional con v\u00eddeos din\u00e1micos y emocionantes. Potencia la visibilidad de tus eventos culinarios a trav\u00e9s de nuestras producciones audiovisuales.\",\"breadcrumb\":{\"@id\":\"https:\/\/videochefgastro.com\/index.php\/concursos-de-cocina-profesional\/#breadcrumb\"},\"inLanguage\":\"es\",\"potentialAction\":[{\"@type\":\"ReadAction\",\"target\":[\"https:\/\/videochefgastro.com\/index.php\/concursos-de-cocina-profesional\/\"]}]},{\"@type\":\"BreadcrumbList\",\"@id\":\"https:\/\/videochefgastro.com\/index.php\/concursos-de-cocina-profesional\/#breadcrumb\",\"itemListElement\":[{\"@type\":\"ListItem\",\"position\":1,\"name\":\"Portada\",\"item\":\"https:\/\/videochefgastro.com\/\"},{\"@type\":\"ListItem\",\"position\":2,\"name\":\"Concursos de cocina profesional\"}]},{\"@type\":\"WebSite\",\"@id\":\"https:\/\/videochefgastro.com\/#website\",\"url\":\"https:\/\/videochefgastro.com\/\",\"name\":\"V\u00eddeo Chef Gastro\",\"description\":\"\",\"potentialAction\":[{\"@type\":\"SearchAction\",\"target\":{\"@type\":\"EntryPoint\",\"urlTemplate\":\"https:\/\/videochefgastro.com\/?s={search_term_string}\"},\"query-input\":{\"@type\":\"PropertyValueSpecification\",\"valueRequired\":true,\"valueName\":\"search_term_string\"}}],\"inLanguage\":\"es\"}]}<\/script>\n<!-- \/ Yoast SEO plugin. -->","yoast_head_json":{"title":"Concursos de Cocina Profesional \u2013 V\u00eddeos de eventos culinarios | V\u00eddeoChef Gastro","description":"Contamos los mejores concursos de cocina profesional con v\u00eddeos din\u00e1micos y emocionantes. Potencia la visibilidad de tus eventos culinarios a trav\u00e9s de nuestras producciones audiovisuales.","robots":{"index":"index","follow":"follow","max-snippet":"max-snippet:-1","max-image-preview":"max-image-preview:large","max-video-preview":"max-video-preview:-1"},"canonical":"https:\/\/videochefgastro.com\/index.php\/concursos-de-cocina-profesional\/","og_locale":"es_ES","og_type":"article","og_title":"Concursos de Cocina Profesional \u2013 V\u00eddeos de eventos culinarios | V\u00eddeoChef Gastro","og_description":"Contamos los mejores concursos de cocina profesional con v\u00eddeos din\u00e1micos y emocionantes. Potencia la visibilidad de tus eventos culinarios a trav\u00e9s de nuestras producciones audiovisuales.","og_url":"https:\/\/videochefgastro.com\/index.php\/concursos-de-cocina-profesional\/","og_site_name":"V\u00eddeo Chef Gastro","article_modified_time":"2025-09-11T12:43:47+00:00","twitter_card":"summary_large_image","twitter_misc":{"Tiempo de lectura":"1 minuto"},"schema":{"@context":"https:\/\/schema.org","@graph":[{"@type":"WebPage","@id":"https:\/\/videochefgastro.com\/index.php\/concursos-de-cocina-profesional\/","url":"https:\/\/videochefgastro.com\/index.php\/concursos-de-cocina-profesional\/","name":"Concursos de Cocina Profesional \u2013 V\u00eddeos de eventos culinarios | V\u00eddeoChef Gastro","isPartOf":{"@id":"https:\/\/videochefgastro.com\/#website"},"datePublished":"2025-08-07T11:10:38+00:00","dateModified":"2025-09-11T12:43:47+00:00","description":"Contamos los mejores concursos de cocina profesional con v\u00eddeos din\u00e1micos y emocionantes. Potencia la visibilidad de tus eventos culinarios a trav\u00e9s de nuestras producciones audiovisuales.","breadcrumb":{"@id":"https:\/\/videochefgastro.com\/index.php\/concursos-de-cocina-profesional\/#breadcrumb"},"inLanguage":"es","potentialAction":[{"@type":"ReadAction","target":["https:\/\/videochefgastro.com\/index.php\/concursos-de-cocina-profesional\/"]}]},{"@type":"BreadcrumbList","@id":"https:\/\/videochefgastro.com\/index.php\/concursos-de-cocina-profesional\/#breadcrumb","itemListElement":[{"@type":"ListItem","position":1,"name":"Portada","item":"https:\/\/videochefgastro.com\/"},{"@type":"ListItem","position":2,"name":"Concursos de cocina profesional"}]},{"@type":"WebSite","@id":"https:\/\/videochefgastro.com\/#website","url":"https:\/\/videochefgastro.com\/","name":"V\u00eddeo Chef Gastro","description":"","potentialAction":[{"@type":"SearchAction","target":{"@type":"EntryPoint","urlTemplate":"https:\/\/videochefgastro.com\/?s={search_term_string}"},"query-input":{"@type":"PropertyValueSpecification","valueRequired":true,"valueName":"search_term_string"}}],"inLanguage":"es"}]}},"_links":{"self":[{"href":"https:\/\/videochefgastro.com\/index.php\/wp-json\/wp\/v2\/pages\/36","targetHints":{"allow":["GET"]}}],"collection":[{"href":"https:\/\/videochefgastro.com\/index.php\/wp-json\/wp\/v2\/pages"}],"about":[{"href":"https:\/\/videochefgastro.com\/index.php\/wp-json\/wp\/v2\/types\/page"}],"author":[{"embeddable":true,"href":"https:\/\/videochefgastro.com\/index.php\/wp-json\/wp\/v2\/users\/1"}],"replies":[{"embeddable":true,"href":"https:\/\/videochefgastro.com\/index.php\/wp-json\/wp\/v2\/comments?post=36"}],"version-history":[{"count":26,"href":"https:\/\/videochefgastro.com\/index.php\/wp-json\/wp\/v2\/pages\/36\/revisions"}],"predecessor-version":[{"id":354,"href":"https:\/\/videochefgastro.com\/index.php\/wp-json\/wp\/v2\/pages\/36\/revisions\/354"}],"wp:attachment":[{"href":"https:\/\/videochefgastro.com\/index.php\/wp-json\/wp\/v2\/media?parent=36"}],"curies":[{"name":"wp","href":"https:\/\/api.w.org\/{rel}","templated":true}]}}