{"id":2,"date":"2025-08-06T16:28:30","date_gmt":"2025-08-06T16:28:30","guid":{"rendered":"https:\/\/videochefgastro.com\/?page_id=2"},"modified":"2025-09-11T12:42:35","modified_gmt":"2025-09-11T12:42:35","slug":"inicio","status":"publish","type":"page","link":"https:\/\/videochefgastro.com\/","title":{"rendered":"Inicio"},"content":{"rendered":"<p>[et_pb_section fb_built=\u00bb1&#8243; admin_label=\u00bbsection\u00bb _builder_version=\u00bb4.27.4&#8243; background_color=\u00bb#121212&#8243; custom_padding=\u00bb4vw||||false|false\u00bb global_colors_info=\u00bb{}\u00bb][et_pb_row column_structure=\u00bb2_3,1_3&#8243; admin_label=\u00bbrow\u00bb _builder_version=\u00bb4.16&#8243; background_size=\u00bbinitial\u00bb background_position=\u00bbtop_left\u00bb background_repeat=\u00bbrepeat\u00bb global_colors_info=\u00bb{}\u00bb][et_pb_column type=\u00bb2_3&#8243; _builder_version=\u00bb4.16&#8243; custom_padding=\u00bb|||\u00bb global_colors_info=\u00bb{}\u00bb custom_padding__hover=\u00bb|||\u00bb][et_pb_text admin_label=\u00bbText\u00bb _builder_version=\u00bb4.27.4&#8243; header_font=\u00bbAnton|||on|||||\u00bb header_text_color=\u00bb#FFFFFF\u00bb header_font_size=\u00bb96px\u00bb header_letter_spacing=\u00bb0.02em\u00bb header_line_height=\u00bb1.1em\u00bb background_size=\u00bbinitial\u00bb background_position=\u00bbtop_left\u00bb background_repeat=\u00bbrepeat\u00bb header_font_size_tablet=\u00bb40px\u00bb header_font_size_phone=\u00bb24px\u00bb header_font_size_last_edited=\u00bbon|phone\u00bb global_colors_info=\u00bb{}\u00bb]<\/p>\n<h1>DONDE LOS SABORES CUENTAN HISTORIAS<\/h1>\n<p>[\/et_pb_text][\/et_pb_column][et_pb_column type=\u00bb1_3&#8243; _builder_version=\u00bb4.16&#8243; custom_padding=\u00bb|||\u00bb global_colors_info=\u00bb{}\u00bb custom_padding__hover=\u00bb|||\u00bb][et_pb_text _builder_version=\u00bb4.27.4&#8243; _module_preset=\u00bbdefault\u00bb text_font=\u00bbInter||||||||\u00bb text_text_color=\u00bb#FFFFFF\u00bb text_line_height=\u00bb1.8em\u00bb global_colors_info=\u00bb{}\u00bb]<\/p>\n<p>Damos forma a las ideas, mostramos las virtudes de los mejores productos y hacemos que las im\u00e1genes cuenten lo que el resto de sentidos descubrir\u00e1n m\u00e1s tarde, desde el respeto y la valoraci\u00f3n de las marcas.\u00a0<\/p>\n<p>[\/et_pb_text][et_pb_button button_url=\u00bbhttps:\/\/storytellingastro.com\/\u00bb url_new_window=\u00bbon\u00bb button_text=\u00bbDescubre nuestras producciones\u00bb _builder_version=\u00bb4.27.4&#8243; _module_preset=\u00bbdefault\u00bb custom_button=\u00bbon\u00bb button_text_size=\u00bb14px\u00bb button_text_color=\u00bb#000000&#8243; button_bg_color=\u00bb#d3eb42&#8243; button_border_width=\u00bb0px\u00bb button_border_radius=\u00bb100px\u00bb button_font=\u00bbInter||||||||\u00bb custom_padding=\u00bb16px|40px|16px|40px|true|true\u00bb global_colors_info=\u00bb{}\u00bb][\/et_pb_button][\/et_pb_column][\/et_pb_row][et_pb_row column_structure=\u00bb1_4,1_4,1_4,1_4&#8243; use_custom_gutter=\u00bbon\u00bb gutter_width=\u00bb1&#8243; disabled_on=\u00bbon|on|on\u00bb _builder_version=\u00bb4.27.4&#8243; _module_preset=\u00bbdefault\u00bb custom_padding=\u00bb60px||60px||true|false\u00bb disabled=\u00bbon\u00bb global_colors_info=\u00bb{}\u00bb][et_pb_column type=\u00bb1_4&#8243; _builder_version=\u00bb4.27.4&#8243; _module_preset=\u00bbdefault\u00bb global_colors_info=\u00bb{}\u00bb][et_pb_image src=\u00bbhttps:\/\/videochefgastro.com\/wp-content\/uploads\/2025\/08\/plato-chef-yoko-hasei.png\u00bb title_text=\u00bbplato-chef-yoko-hasei\u00bb align=\u00bbcenter\u00bb _builder_version=\u00bb4.27.4&#8243; _module_preset=\u00bbdefault\u00bb transform_rotate=\u00bb0deg|0deg|-15deg\u00bb border_radii=\u00bbon|10px|10px|10px|10px\u00bb box_shadow_style=\u00bbpreset1&#8243; box_shadow_horizontal=\u00bb-60px\u00bb box_shadow_vertical=\u00bb60px\u00bb box_shadow_blur=\u00bb150px\u00bb box_shadow_color=\u00bbrgba(52,64,84,0.3)\u00bb global_colors_info=\u00bb{}\u00bb][\/et_pb_image][\/et_pb_column][et_pb_column type=\u00bb1_4&#8243; _builder_version=\u00bb4.27.4&#8243; _module_preset=\u00bbdefault\u00bb global_colors_info=\u00bb{}\u00bb][et_pb_image src=\u00bbhttps:\/\/videochefgastro.com\/wp-content\/uploads\/2025\/08\/Chef-Jose-Antonio-Sanchez-Torres.png\u00bb alt=\u00bbChef Jos\u00e9 Antonio S\u00e1nchez Torres\u00bb title_text=\u00bbChef-Jos\u00e9-Antonio-S\u00e1nchez-Torres\u00bb align=\u00bbcenter\u00bb _builder_version=\u00bb4.27.4&#8243; _module_preset=\u00bbdefault\u00bb transform_rotate=\u00bb0deg|0deg|15deg\u00bb border_radii=\u00bbon|10px|10px|10px|10px\u00bb box_shadow_style=\u00bbpreset1&#8243; box_shadow_horizontal=\u00bb-60px\u00bb box_shadow_vertical=\u00bb60px\u00bb box_shadow_blur=\u00bb150px\u00bb box_shadow_color=\u00bbrgba(52,64,84,0.3)\u00bb global_colors_info=\u00bb{}\u00bb][\/et_pb_image][\/et_pb_column][et_pb_column type=\u00bb1_4&#8243; _builder_version=\u00bb4.27.4&#8243; _module_preset=\u00bbdefault\u00bb global_colors_info=\u00bb{}\u00bb][et_pb_image src=\u00bbhttps:\/\/videochefgastro.com\/wp-content\/uploads\/2025\/08\/Chef-Maria-Jose-Martinez.png\u00bb title_text=\u00bbChef-Mar\u00eda-Jos\u00e9-Mart\u00ednez\u00bb align=\u00bbcenter\u00bb _builder_version=\u00bb4.27.4&#8243; _module_preset=\u00bbdefault\u00bb transform_rotate=\u00bb0deg|0deg|-15deg\u00bb border_radii=\u00bbon|10px|10px|10px|10px\u00bb box_shadow_style=\u00bbpreset1&#8243; box_shadow_horizontal=\u00bb-60px\u00bb box_shadow_vertical=\u00bb60px\u00bb box_shadow_blur=\u00bb150px\u00bb box_shadow_color=\u00bbrgba(52,64,84,0.3)\u00bb global_colors_info=\u00bb{}\u00bb][\/et_pb_image][\/et_pb_column][et_pb_column type=\u00bb1_4&#8243; _builder_version=\u00bb4.27.4&#8243; _module_preset=\u00bbdefault\u00bb global_colors_info=\u00bb{}\u00bb][et_pb_image src=\u00bbhttps:\/\/videochefgastro.com\/wp-content\/uploads\/2025\/08\/martin-berasategui.png\u00bb title_text=\u00bbmartin-berasategui\u00bb align=\u00bbcenter\u00bb _builder_version=\u00bb4.27.4&#8243; _module_preset=\u00bbdefault\u00bb transform_rotate=\u00bb0deg|0deg|15deg\u00bb border_radii=\u00bbon|10px|10px|10px|10px\u00bb box_shadow_style=\u00bbpreset1&#8243; box_shadow_horizontal=\u00bb-60px\u00bb box_shadow_vertical=\u00bb60px\u00bb box_shadow_blur=\u00bb150px\u00bb box_shadow_color=\u00bbrgba(52,64,84,0.3)\u00bb global_colors_info=\u00bb{}\u00bb][\/et_pb_image][\/et_pb_column][\/et_pb_row][\/et_pb_section][et_pb_section fb_built=\u00bb1&#8243; admin_label=\u00bbFeature\u00bb _builder_version=\u00bb4.22.0&#8243; _module_preset=\u00bbdefault\u00bb locked=\u00bboff\u00bb collapsed=\u00bboff\u00bb global_colors_info=\u00bb{}\u00bb][et_pb_row column_structure=\u00bb3_5,2_5&#8243; _builder_version=\u00bb4.22.0&#8243; _module_preset=\u00bbdefault\u00bb locked=\u00bboff\u00bb global_colors_info=\u00bb{}\u00bb][et_pb_column type=\u00bb3_5&#8243; _builder_version=\u00bb4.22.0&#8243; _module_preset=\u00bbdefault\u00bb global_colors_info=\u00bb{}\u00bb][et_pb_text _builder_version=\u00bb4.27.4&#8243; _module_preset=\u00bb_initial\u00bb header_2_font=\u00bbAnton|||on|||||\u00bb header_2_font_size=\u00bb38px\u00bb header_2_letter_spacing=\u00bb1px\u00bb header_2_line_height=\u00bb1.2em\u00bb custom_margin=\u00bb||10px||false|false\u00bb header_2_font_size_tablet=\u00bb32px\u00bb header_2_font_size_phone=\u00bb20px\u00bb header_2_font_size_last_edited=\u00bbon|desktop\u00bb locked=\u00bboff\u00bb global_colors_info=\u00bb{}\u00bb]<\/p>\n<h2>Producci\u00f3n audiovisual especializada en el sector de la gastronom\u00eda<\/h2>\n<p>[\/et_pb_text][et_pb_text _builder_version=\u00bb4.27.4&#8243; _module_preset=\u00bb_initial\u00bb text_font=\u00bbInter||||||||\u00bb text_line_height=\u00bb1.8em\u00bb text_font_size_tablet=\u00bb15px\u00bb text_font_size_phone=\u00bb14px\u00bb text_font_size_last_edited=\u00bbon|desktop\u00bb locked=\u00bboff\u00bb global_colors_info=\u00bb{}\u00bb]Analizamos la figura de cada chef, su filosof\u00eda, su personalidad, su cocina, su ubicaci\u00f3n y restaurante, y convertimos toda esta informaci\u00f3n en v\u00eddeos, cortos o programas de larga duraci\u00f3n que describan la esencia de los profesionales del mundo de la cocina y su negocio.[\/et_pb_text][et_pb_button button_url=\u00bbhttps:\/\/storytellingastro.com\/\u00bb url_new_window=\u00bbon\u00bb button_text=\u00bbDescubre nuestras producciones\u00bb _builder_version=\u00bb4.27.4&#8243; _module_preset=\u00bb_initial\u00bb custom_button=\u00bbon\u00bb button_text_size=\u00bb16px\u00bb button_text_color=\u00bb#3d7000&#8243; button_bg_color=\u00bbRGBA(255,255,255,0)\u00bb button_border_radius=\u00bb100px\u00bb button_font=\u00bbInter|700|||||||\u00bb custom_padding=\u00bb16px|40px|16px|40px|true|true\u00bb global_colors_info=\u00bb{}\u00bb][\/et_pb_button][et_pb_image src=\u00bbhttps:\/\/videochefgastro.com\/wp-content\/uploads\/2025\/08\/financial-planning-14.png\u00bb title_text=\u00bbestrella\u00bb _builder_version=\u00bb4.27.4&#8243; _module_preset=\u00bbdefault\u00bb transform_translate=\u00bb50%|50%\u00bb transform_translate_linked=\u00bboff\u00bb positioning=\u00bbabsolute\u00bb position_origin_a=\u00bbbottom_right\u00bb width=\u00bb15%\u00bb hover_enabled=\u00bb0&#8243; locked=\u00bboff\u00bb global_colors_info=\u00bb{}\u00bb alt=\u00bbestrella verde\u00bb sticky_enabled=\u00bb0&#8243;][\/et_pb_image][\/et_pb_column][et_pb_column type=\u00bb2_5&#8243; _builder_version=\u00bb4.22.0&#8243; _module_preset=\u00bbdefault\u00bb global_colors_info=\u00bb{}\u00bb][et_pb_image title_text=\u00bbespiral\u00bb _builder_version=\u00bb4.27.4&#8243; _module_preset=\u00bbdefault\u00bb positioning=\u00bbabsolute\u00bb position_origin_a=\u00bbcenter_left\u00bb custom_margin=\u00bb|-30%|||false|false\u00bb custom_margin_tablet=\u00bb|0%||0%|false|true\u00bb custom_margin_phone=\u00bb|0%||0%|false|true\u00bb custom_margin_last_edited=\u00bbon|tablet\u00bb hover_enabled=\u00bb0&#8243; locked=\u00bboff\u00bb global_colors_info=\u00bb{}\u00bb sticky_enabled=\u00bb0&#8243; alt=\u00bbespiral en diagonal\u00bb src=\u00bbhttps:\/\/videochefgastro.com\/wp-content\/uploads\/2025\/08\/financial-planning-20.png\u00bb][\/et_pb_image][et_pb_image src=\u00bbhttps:\/\/videochefgastro.com\/wp-content\/uploads\/2025\/08\/video-gastronomico-2-2.png\u00bb title_text=\u00bbvideo-gastronomico-2&#8243; _builder_version=\u00bb4.27.4&#8243; _module_preset=\u00bbdefault\u00bb transform_rotate=\u00bb20deg|0deg|335deg\u00bb transform_skew=\u00bb23deg|0deg\u00bb transform_skew_linked=\u00bboff\u00bb z_index=\u00bb2&#8243; custom_margin=\u00bb|-5%|-40%|5%|false|false\u00bb custom_margin_tablet=\u00bb0%|0%||0%|false|true\u00bb custom_margin_phone=\u00bb0%|0%||0%|false|true\u00bb custom_margin_last_edited=\u00bbon|desktop\u00bb hover_enabled=\u00bb0&#8243; border_radii=\u00bbon|10px|10px|10px|10px\u00bb border_color_all=\u00bb#FFFFFF\u00bb border_width_bottom=\u00bb2px\u00bb border_width_left=\u00bb2px\u00bb box_shadow_style=\u00bbpreset4&#8243; box_shadow_horizontal=\u00bb-30px\u00bb box_shadow_vertical=\u00bb30px\u00bb box_shadow_blur=\u00bb60px\u00bb box_shadow_color=\u00bbrgba(202,113,221,0.3)\u00bb locked=\u00bboff\u00bb global_colors_info=\u00bb{}\u00bb alt=\u00bbvideo-gastronomico-2&#8243; sticky_enabled=\u00bb0&#8243;][\/et_pb_image][et_pb_image src=\u00bbhttps:\/\/videochefgastro.com\/wp-content\/uploads\/2025\/08\/video-gastronomico-3-1.png\u00bb title_text=\u00bbvideo-gastronomico-3&#8243; _builder_version=\u00bb4.27.4&#8243; _module_preset=\u00bbdefault\u00bb transform_rotate=\u00bb20deg|0deg|335deg\u00bb transform_skew=\u00bb23deg|0deg\u00bb transform_skew_linked=\u00bboff\u00bb z_index=\u00bb1&#8243; custom_margin=\u00bb|-5%|-40%|5%|false|false\u00bb custom_margin_tablet=\u00bb|0%|-40%|0%|false|true\u00bb custom_margin_phone=\u00bb|0%|-40%|0%|false|true\u00bb custom_margin_last_edited=\u00bbon|tablet\u00bb hover_enabled=\u00bb0&#8243; border_radii=\u00bbon|10px|10px|10px|10px\u00bb border_color_all=\u00bb#FFFFFF\u00bb border_width_bottom=\u00bb2px\u00bb border_width_left=\u00bb2px\u00bb box_shadow_style=\u00bbpreset4&#8243; box_shadow_horizontal=\u00bb-30px\u00bb box_shadow_vertical=\u00bb30px\u00bb box_shadow_blur=\u00bb60px\u00bb box_shadow_color=\u00bbrgba(202,113,221,0.3)\u00bb locked=\u00bboff\u00bb global_colors_info=\u00bb{}\u00bb alt=\u00bbvideo-gastronomico-3&#8243; sticky_enabled=\u00bb0&#8243;][\/et_pb_image][et_pb_image src=\u00bbhttps:\/\/videochefgastro.com\/wp-content\/uploads\/2025\/08\/video-gastronomico-1.png\u00bb title_text=\u00bbvideo-gastronomico-1&#8243; _builder_version=\u00bb4.27.4&#8243; _module_preset=\u00bbdefault\u00bb transform_rotate=\u00bb20deg|0deg|335deg\u00bb transform_skew=\u00bb23deg|0deg\u00bb transform_skew_linked=\u00bboff\u00bb custom_margin=\u00bb|-5%||5%|false|false\u00bb custom_margin_tablet=\u00bb|0%||0%|false|true\u00bb custom_margin_phone=\u00bb|0%||0%|false|true\u00bb custom_margin_last_edited=\u00bbon|tablet\u00bb hover_enabled=\u00bb0&#8243; border_radii=\u00bbon|10px|10px|10px|10px\u00bb border_color_all=\u00bb#FFFFFF\u00bb border_width_bottom=\u00bb2px\u00bb border_width_left=\u00bb2px\u00bb box_shadow_style=\u00bbpreset4&#8243; box_shadow_horizontal=\u00bb-30px\u00bb box_shadow_vertical=\u00bb30px\u00bb box_shadow_blur=\u00bb60px\u00bb box_shadow_color=\u00bbrgba(202,113,221,0.3)\u00bb locked=\u00bboff\u00bb global_colors_info=\u00bb{}\u00bb alt=\u00bbvideo-gastronomico-1&#8243; sticky_enabled=\u00bb0&#8243;][\/et_pb_image][\/et_pb_column][\/et_pb_row][\/et_pb_section]<\/p>\n","protected":false},"excerpt":{"rendered":"<p>DONDE LOS SABORES CUENTAN HISTORIASDamos forma a las ideas, mostramos las virtudes de los mejores productos y hacemos que las im\u00e1genes cuenten lo que el resto de sentidos descubrir\u00e1n m\u00e1s tarde, desde el respeto y la valoraci\u00f3n de las marcas.\u00a0Producci\u00f3n audiovisual especializada en el sector de la gastronom\u00edaAnalizamos la figura de cada chef, su filosof\u00eda, [&hellip;]<\/p>\n","protected":false},"author":1,"featured_media":0,"parent":0,"menu_order":0,"comment_status":"closed","ping_status":"open","template":"","meta":{"_et_pb_use_builder":"on","_et_pb_old_content":"<!-- wp:paragraph -->\n<p>This is an example page. It's different from a blog post because it will stay in one place and will show up in your site navigation (in most themes). Most people start with an About page that introduces them to potential site visitors. It might say something like this:<\/p>\n<!-- \/wp:paragraph -->\n\n<!-- wp:quote -->\n<blockquote class=\"wp-block-quote\"><p>Hi there! I'm a bike messenger by day, aspiring actor by night, and this is my website. I live in Los Angeles, have a great dog named Jack, and I like pi&#241;a coladas. (And gettin' caught in the rain.)<\/p><\/blockquote>\n<!-- \/wp:quote -->\n\n<!-- wp:paragraph -->\n<p>...or something like this:<\/p>\n<!-- \/wp:paragraph -->\n\n<!-- wp:quote -->\n<blockquote class=\"wp-block-quote\"><p>The XYZ Doohickey Company was founded in 1971, and has been providing quality doohickeys to the public ever since. Located in Gotham City, XYZ employs over 2,000 people and does all kinds of awesome things for the Gotham community.<\/p><\/blockquote>\n<!-- \/wp:quote -->\n\n<!-- wp:paragraph -->\n<p>As a new WordPress user, you should go to <a href=\"https:\/\/videochefgastro.com\/wp-admin\/\">your dashboard<\/a> to delete this page and create new pages for your content. Have fun!<\/p>\n<!-- \/wp:paragraph -->","_et_gb_content_width":"","footnotes":""},"class_list":["post-2","page","type-page","status-publish","hentry"],"yoast_head":"<!-- This site is optimized with the Yoast SEO plugin v25.6 - https:\/\/yoast.com\/wordpress\/plugins\/seo\/ -->\n<title>V\u00eddeoChef Gastro \u2013 V\u00eddeos de cocina profesional para chefs y gastronom\u00eda<\/title>\n<meta name=\"description\" content=\"V\u00eddeoChef Gastro crea v\u00eddeos profesionales de cocina para chefs, restaurantes y hosteler\u00eda. Enriquece tu comunicaci\u00f3n visual con contenido culinario de alto impacto.\" \/>\n<meta name=\"robots\" content=\"index, follow, max-snippet:-1, max-image-preview:large, max-video-preview:-1\" \/>\n<link rel=\"canonical\" href=\"https:\/\/videochefgastro.com\/\" \/>\n<meta property=\"og:locale\" content=\"es_ES\" \/>\n<meta property=\"og:type\" content=\"article\" \/>\n<meta property=\"og:title\" content=\"V\u00eddeoChef Gastro \u2013 V\u00eddeos de cocina profesional para chefs y gastronom\u00eda\" \/>\n<meta property=\"og:description\" content=\"V\u00eddeoChef Gastro crea v\u00eddeos profesionales de cocina para chefs, restaurantes y hosteler\u00eda. Enriquece tu comunicaci\u00f3n visual con contenido culinario de alto impacto.\" \/>\n<meta property=\"og:url\" content=\"https:\/\/videochefgastro.com\/\" \/>\n<meta property=\"og:site_name\" content=\"V\u00eddeo Chef Gastro\" \/>\n<meta property=\"article:modified_time\" content=\"2025-09-11T12:42:35+00:00\" \/>\n<meta name=\"twitter:card\" content=\"summary_large_image\" \/>\n<meta name=\"twitter:label1\" content=\"Tiempo de lectura\" \/>\n\t<meta name=\"twitter:data1\" content=\"2 minutos\" \/>\n<script type=\"application\/ld+json\" class=\"yoast-schema-graph\">{\"@context\":\"https:\/\/schema.org\",\"@graph\":[{\"@type\":\"WebPage\",\"@id\":\"https:\/\/videochefgastro.com\/\",\"url\":\"https:\/\/videochefgastro.com\/\",\"name\":\"V\u00eddeoChef Gastro \u2013 V\u00eddeos de cocina profesional para chefs y gastronom\u00eda\",\"isPartOf\":{\"@id\":\"https:\/\/videochefgastro.com\/#website\"},\"datePublished\":\"2025-08-06T16:28:30+00:00\",\"dateModified\":\"2025-09-11T12:42:35+00:00\",\"description\":\"V\u00eddeoChef Gastro crea v\u00eddeos profesionales de cocina para chefs, restaurantes y hosteler\u00eda. Enriquece tu comunicaci\u00f3n visual con contenido culinario de alto impacto.\",\"breadcrumb\":{\"@id\":\"https:\/\/videochefgastro.com\/#breadcrumb\"},\"inLanguage\":\"es\",\"potentialAction\":[{\"@type\":\"ReadAction\",\"target\":[\"https:\/\/videochefgastro.com\/\"]}]},{\"@type\":\"BreadcrumbList\",\"@id\":\"https:\/\/videochefgastro.com\/#breadcrumb\",\"itemListElement\":[{\"@type\":\"ListItem\",\"position\":1,\"name\":\"Portada\",\"item\":\"https:\/\/videochefgastro.com\/\"},{\"@type\":\"ListItem\",\"position\":2,\"name\":\"Inicio\"}]},{\"@type\":\"WebSite\",\"@id\":\"https:\/\/videochefgastro.com\/#website\",\"url\":\"https:\/\/videochefgastro.com\/\",\"name\":\"V\u00eddeo Chef Gastro\",\"description\":\"\",\"potentialAction\":[{\"@type\":\"SearchAction\",\"target\":{\"@type\":\"EntryPoint\",\"urlTemplate\":\"https:\/\/videochefgastro.com\/?s={search_term_string}\"},\"query-input\":{\"@type\":\"PropertyValueSpecification\",\"valueRequired\":true,\"valueName\":\"search_term_string\"}}],\"inLanguage\":\"es\"}]}<\/script>\n<!-- \/ Yoast SEO plugin. -->","yoast_head_json":{"title":"V\u00eddeoChef Gastro \u2013 V\u00eddeos de cocina profesional para chefs y gastronom\u00eda","description":"V\u00eddeoChef Gastro crea v\u00eddeos profesionales de cocina para chefs, restaurantes y hosteler\u00eda. Enriquece tu comunicaci\u00f3n visual con contenido culinario de alto impacto.","robots":{"index":"index","follow":"follow","max-snippet":"max-snippet:-1","max-image-preview":"max-image-preview:large","max-video-preview":"max-video-preview:-1"},"canonical":"https:\/\/videochefgastro.com\/","og_locale":"es_ES","og_type":"article","og_title":"V\u00eddeoChef Gastro \u2013 V\u00eddeos de cocina profesional para chefs y gastronom\u00eda","og_description":"V\u00eddeoChef Gastro crea v\u00eddeos profesionales de cocina para chefs, restaurantes y hosteler\u00eda. Enriquece tu comunicaci\u00f3n visual con contenido culinario de alto impacto.","og_url":"https:\/\/videochefgastro.com\/","og_site_name":"V\u00eddeo Chef Gastro","article_modified_time":"2025-09-11T12:42:35+00:00","twitter_card":"summary_large_image","twitter_misc":{"Tiempo de lectura":"2 minutos"},"schema":{"@context":"https:\/\/schema.org","@graph":[{"@type":"WebPage","@id":"https:\/\/videochefgastro.com\/","url":"https:\/\/videochefgastro.com\/","name":"V\u00eddeoChef Gastro \u2013 V\u00eddeos de cocina profesional para chefs y gastronom\u00eda","isPartOf":{"@id":"https:\/\/videochefgastro.com\/#website"},"datePublished":"2025-08-06T16:28:30+00:00","dateModified":"2025-09-11T12:42:35+00:00","description":"V\u00eddeoChef Gastro crea v\u00eddeos profesionales de cocina para chefs, restaurantes y hosteler\u00eda. Enriquece tu comunicaci\u00f3n visual con contenido culinario de alto impacto.","breadcrumb":{"@id":"https:\/\/videochefgastro.com\/#breadcrumb"},"inLanguage":"es","potentialAction":[{"@type":"ReadAction","target":["https:\/\/videochefgastro.com\/"]}]},{"@type":"BreadcrumbList","@id":"https:\/\/videochefgastro.com\/#breadcrumb","itemListElement":[{"@type":"ListItem","position":1,"name":"Portada","item":"https:\/\/videochefgastro.com\/"},{"@type":"ListItem","position":2,"name":"Inicio"}]},{"@type":"WebSite","@id":"https:\/\/videochefgastro.com\/#website","url":"https:\/\/videochefgastro.com\/","name":"V\u00eddeo Chef Gastro","description":"","potentialAction":[{"@type":"SearchAction","target":{"@type":"EntryPoint","urlTemplate":"https:\/\/videochefgastro.com\/?s={search_term_string}"},"query-input":{"@type":"PropertyValueSpecification","valueRequired":true,"valueName":"search_term_string"}}],"inLanguage":"es"}]}},"_links":{"self":[{"href":"https:\/\/videochefgastro.com\/index.php\/wp-json\/wp\/v2\/pages\/2","targetHints":{"allow":["GET"]}}],"collection":[{"href":"https:\/\/videochefgastro.com\/index.php\/wp-json\/wp\/v2\/pages"}],"about":[{"href":"https:\/\/videochefgastro.com\/index.php\/wp-json\/wp\/v2\/types\/page"}],"author":[{"embeddable":true,"href":"https:\/\/videochefgastro.com\/index.php\/wp-json\/wp\/v2\/users\/1"}],"replies":[{"embeddable":true,"href":"https:\/\/videochefgastro.com\/index.php\/wp-json\/wp\/v2\/comments?post=2"}],"version-history":[{"count":37,"href":"https:\/\/videochefgastro.com\/index.php\/wp-json\/wp\/v2\/pages\/2\/revisions"}],"predecessor-version":[{"id":352,"href":"https:\/\/videochefgastro.com\/index.php\/wp-json\/wp\/v2\/pages\/2\/revisions\/352"}],"wp:attachment":[{"href":"https:\/\/videochefgastro.com\/index.php\/wp-json\/wp\/v2\/media?parent=2"}],"curies":[{"name":"wp","href":"https:\/\/api.w.org\/{rel}","templated":true}]}}