{"id":329,"date":"2025-08-06T16:28:30","date_gmt":"2025-08-06T16:28:30","guid":{"rendered":"https:\/\/videochefgastro.com\/index.php\/home\/"},"modified":"2025-09-04T10:31:36","modified_gmt":"2025-09-04T10:31:36","slug":"home","status":"publish","type":"page","link":"https:\/\/videochefgastro.com\/en\/","title":{"rendered":"Home"},"content":{"rendered":"<p>[et_pb_section fb_built=&#8221;1&#8243; admin_label=&#8221;section&#8221; _builder_version=&#8221;4.27.4&#8243; background_color=&#8221;#121212&#8243; custom_padding=&#8221;4vw||||false|false&#8221; global_colors_info=&#8221;{}&#8221;][et_pb_row column_structure=&#8221;2_3,1_3&#8243; admin_label=&#8221;row&#8221; _builder_version=&#8221;4.16&#8243; background_size=&#8221;initial&#8221; background_position=&#8221;top_left&#8221; background_repeat=&#8221;repeat&#8221; global_colors_info=&#8221;{}&#8221;][et_pb_column type=&#8221;2_3&#8243; _builder_version=&#8221;4.16&#8243; custom_padding=&#8221;|||&#8221; global_colors_info=&#8221;{}&#8221; custom_padding__hover=&#8221;|||&#8221;][et_pb_text admin_label=&#8221;Text&#8221; _builder_version=&#8221;4.27.4&#8243; header_font=&#8221;Anton|||on|||||&#8221; header_text_color=&#8221;#FFFFFF&#8221; header_font_size=&#8221;96px&#8221; header_letter_spacing=&#8221;0.02em&#8221; header_line_height=&#8221;1.1em&#8221; background_size=&#8221;initial&#8221; background_position=&#8221;top_left&#8221; background_repeat=&#8221;repeat&#8221; header_font_size_tablet=&#8221;40px&#8221; header_font_size_phone=&#8221;24px&#8221; header_font_size_last_edited=&#8221;on|phone&#8221; global_colors_info=&#8221;{}&#8221;]<\/p>\n<h1>WHERE FLAVORS TELL STORIES<\/h1>\n<p>[\/et_pb_text][\/et_pb_column][et_pb_column type=&#8221;1_3&#8243; _builder_version=&#8221;4.16&#8243; custom_padding=&#8221;|||&#8221; global_colors_info=&#8221;{}&#8221; custom_padding__hover=&#8221;|||&#8221;][et_pb_text _builder_version=&#8221;4.27.4&#8243; _module_preset=&#8221;default&#8221; text_font=&#8221;Inter||||||||&#8221; text_text_color=&#8221;#FFFFFF&#8221; text_line_height=&#8221;1.8em&#8221; global_colors_info=&#8221;{}&#8221;]<\/p>\n<p>We shape ideas, showcase the virtues of the best products, and make images tell what the other senses will discover later, with respect and appreciation for the brands. <\/p>\n<p>[\/et_pb_text][et_pb_button button_url=&#8221;https:\/\/storytellingastro.com\/&#8221; url_new_window=&#8221;on&#8221; button_text=&#8221;Discover our productions&#8221; _builder_version=&#8221;4.27.4&#8243; _module_preset=&#8221;default&#8221; custom_button=&#8221;on&#8221; button_text_size=&#8221;14px&#8221; button_text_color=&#8221;#000000&#8243; button_bg_color=&#8221;#d3eb42&#8243; button_border_width=&#8221;0px&#8221; button_border_radius=&#8221;100px&#8221; button_font=&#8221;Inter||||||||&#8221; custom_padding=&#8221;16px|40px|16px|40px|true|true&#8221; global_colors_info=&#8221;{}&#8221;][\/et_pb_button][\/et_pb_column][\/et_pb_row][et_pb_row column_structure=&#8221;1_4,1_4,1_4,1_4&#8243; use_custom_gutter=&#8221;on&#8221; gutter_width=&#8221;1&#8243; disabled_on=&#8221;on|on|on&#8221; _builder_version=&#8221;4.27.4&#8243; _module_preset=&#8221;default&#8221; custom_padding=&#8221;60px||60px||true|false&#8221; disabled=&#8221;on&#8221; global_colors_info=&#8221;{}&#8221;][et_pb_column type=&#8221;1_4&#8243; _builder_version=&#8221;4.27.4&#8243; _module_preset=&#8221;default&#8221; global_colors_info=&#8221;{}&#8221;][et_pb_image src=&#8221;https:\/\/videochefgastro.com\/wp-content\/uploads\/2025\/08\/plato-chef-yoko-hasei.png&#8221; title_text=&#8221;Plato-Chef-Yoko-Hasei&#8221; align=&#8221;center&#8221; _builder_version=&#8221;4.27.4&#8243; _module_preset=&#8221;default&#8221; transform_rotate=&#8221;0deg|0deg|-15deg&#8221; border_radii=&#8221;on|10px|10px|10px|10px&#8221; box_shadow_style=&#8221;preset1&#8243; box_shadow_horizontal=&#8221;-60px&#8221; box_shadow_vertical=&#8221;60px&#8221; box_shadow_blur=&#8221;150px&#8221; box_shadow_color=&#8221;rgba(52,64,84,0.3)&#8221; global_colors_info=&#8221;{}&#8221;][\/et_pb_image][\/et_pb_column][et_pb_column type=&#8221;1_4&#8243; _builder_version=&#8221;4.27.4&#8243; _module_preset=&#8221;default&#8221; global_colors_info=&#8221;{}&#8221;][et_pb_image src=&#8221;https:\/\/videochefgastro.com\/wp-content\/uploads\/2025\/08\/Chef-Jose-Antonio-Sanchez-Torres.png&#8221; alt=&#8221;Chef Jos\u00e9 Antonio S\u00e1nchez Torres&#8221; title_text=&#8221;Chef-Jos\u00e9-Antonio-S\u00e1nchez-Torres&#8221; align=&#8221;center&#8221; _builder_version=&#8221;4.27.4&#8243; _module_preset=&#8221;default&#8221; transform_rotate=&#8221;0deg|0deg|15deg&#8221; border_radii=&#8221;on|10px|10px|10px|10px&#8221; box_shadow_style=&#8221;preset1&#8243; box_shadow_horizontal=&#8221;-60px&#8221; box_shadow_vertical=&#8221;60px&#8221; box_shadow_blur=&#8221;150px&#8221; box_shadow_color=&#8221;rgba(52,64,84,0.3)&#8221; global_colors_info=&#8221;{}&#8221;][\/et_pb_image][\/et_pb_column][et_pb_column type=&#8221;1_4&#8243; _builder_version=&#8221;4.27.4&#8243; _module_preset=&#8221;default&#8221; global_colors_info=&#8221;{}&#8221;][et_pb_image src=&#8221;https:\/\/videochefgastro.com\/wp-content\/uploads\/2025\/08\/Chef-Maria-Jose-Martinez.png&#8221; title_text=&#8221;Chef-Mar\u00eda-Jos\u00e9-Mart\u00ednez&#8221; align=&#8221;center&#8221; _builder_version=&#8221;4.27.4&#8243; _module_preset=&#8221;default&#8221; transform_rotate=&#8221;0deg|0deg|-15deg&#8221; border_radii=&#8221;on|10px|10px|10px|10px&#8221; box_shadow_style=&#8221;preset1&#8243; box_shadow_horizontal=&#8221;-60px&#8221; box_shadow_vertical=&#8221;60px&#8221; box_shadow_blur=&#8221;150px&#8221; box_shadow_color=&#8221;rgba(52,64,84,0.3)&#8221; global_colors_info=&#8221;{}&#8221;][\/et_pb_image][\/et_pb_column][et_pb_column type=&#8221;1_4&#8243; _builder_version=&#8221;4.27.4&#8243; _module_preset=&#8221;default&#8221; global_colors_info=&#8221;{}&#8221;][et_pb_image src=&#8221;https:\/\/videochefgastro.com\/wp-content\/uploads\/2025\/08\/martin-berasategui.png&#8221; title_text=&#8221;Martin-Berasategui&#8221; align=&#8221;center&#8221; _builder_version=&#8221;4.27.4&#8243; _module_preset=&#8221;default&#8221; transform_rotate=&#8221;0deg|0deg|15deg&#8221; border_radii=&#8221;on|10px|10px|10px|10px&#8221; box_shadow_style=&#8221;preset1&#8243; box_shadow_horizontal=&#8221;-60px&#8221; box_shadow_vertical=&#8221;60px&#8221; box_shadow_blur=&#8221;150px&#8221; box_shadow_color=&#8221;rgba(52,64,84,0.3)&#8221; global_colors_info=&#8221;{}&#8221;][\/et_pb_image][\/et_pb_column][\/et_pb_row][\/et_pb_section][et_pb_section fb_built=&#8221;1&#8243; admin_label=&#8221;Feature&#8221; _builder_version=&#8221;4.22.0&#8243; _module_preset=&#8221;default&#8221; locked=&#8221;off&#8221; collapsed=&#8221;off&#8221; global_colors_info=&#8221;{}&#8221;][et_pb_row column_structure=&#8221;3_5,2_5&#8243; _builder_version=&#8221;4.22.0&#8243; _module_preset=&#8221;default&#8221; locked=&#8221;off&#8221; global_colors_info=&#8221;{}&#8221;][et_pb_column type=&#8221;3_5&#8243; _builder_version=&#8221;4.22.0&#8243; _module_preset=&#8221;default&#8221; global_colors_info=&#8221;{}&#8221;][et_pb_text _builder_version=&#8221;4.27.4&#8243; _module_preset=&#8221;_initial&#8221; header_2_font=&#8221;Anton|||on|||||&#8221; header_2_font_size=&#8221;38px&#8221; header_2_letter_spacing=&#8221;1px&#8221; header_2_line_height=&#8221;1.2em&#8221; custom_margin=&#8221;||10px||false|false&#8221; header_2_font_size_tablet=&#8221;32px&#8221; header_2_font_size_phone=&#8221;20px&#8221; header_2_font_size_last_edited=&#8221;on|desktop&#8221; locked=&#8221;off&#8221; global_colors_info=&#8221;{}&#8221;]<\/p>\n<h2>Audiovisual Production Specialized in the Gastronomy Sector<\/h2>\n<p>[\/et_pb_text][et_pb_text _builder_version=&#8221;4.27.4&#8243; _module_preset=&#8221;_initial&#8221; text_font=&#8221;Inter||||||||&#8221; text_line_height=&#8221;1.8em&#8221; text_font_size_tablet=&#8221;15px&#8221; text_font_size_phone=&#8221;14px&#8221; text_font_size_last_edited=&#8221;on|desktop&#8221; locked=&#8221;off&#8221; global_colors_info=&#8221;{}&#8221;]We analyze the figure of each chef, their philosophy, their personality, their cuisine, their location and restaurant, and we convert all this information into videos, short films or long-duration programs that describe the essence of the professionals in the world of cooking and their business.[\/et_pb_text][et_pb_button button_url=&#8221;https:\/\/storytellingastro.com\/&#8221; url_new_window=&#8221;on&#8221; button_text=&#8221;Discover our productions&#8221; _builder_version=&#8221;4.27.4&#8243; _module_preset=&#8221;_initial&#8221; custom_button=&#8221;on&#8221; button_text_size=&#8221;16px&#8221; button_text_color=&#8221;#3d7000&#8243; button_bg_color=&#8221;RGBA(255,255,255,0)&#8221; button_border_radius=&#8221;100px&#8221; button_font=&#8221;Inter|700|||||||&#8221; custom_padding=&#8221;16px|40px|16px|40px|true|true&#8221; global_colors_info=&#8221;{}&#8221;][\/et_pb_button][et_pb_image src=&#8221;https:\/\/videochefgastro.com\/wp-content\/uploads\/2025\/08\/financial-planning-14.png&#8221; title_text=&#8221;Financial-Planning-14&#8243; _builder_version=&#8221;4.22.0&#8243; _module_preset=&#8221;default&#8221; transform_translate=&#8221;50%|50%&#8221; transform_translate_linked=&#8221;off&#8221; positioning=&#8221;absolute&#8221; position_origin_a=&#8221;bottom_right&#8221; width=&#8221;15%&#8221; locked=&#8221;off&#8221; global_colors_info=&#8221;{}&#8221;][\/et_pb_image][\/et_pb_column][et_pb_column type=&#8221;2_5&#8243; _builder_version=&#8221;4.22.0&#8243; _module_preset=&#8221;default&#8221; global_colors_info=&#8221;{}&#8221;][et_pb_image src=&#8221;https:\/\/videochefgastro.com\/wp-content\/uploads\/2025\/08\/financial-planning-20.png&#8221; title_text=&#8221;Financial-Planning-20&#8243; _builder_version=&#8221;4.22.0&#8243; _module_preset=&#8221;default&#8221; positioning=&#8221;absolute&#8221; position_origin_a=&#8221;center_left&#8221; custom_margin=&#8221;|-30%|||false|false&#8221; custom_margin_tablet=&#8221;|0%||0%|false|true&#8221; custom_margin_phone=&#8221;|0%||0%|false|true&#8221; custom_margin_last_edited=&#8221;on|tablet&#8221; hover_enabled=&#8221;0&#8243; locked=&#8221;off&#8221; global_colors_info=&#8221;{}&#8221; sticky_enabled=&#8221;0&#8243;][\/et_pb_image][et_pb_image src=&#8221;https:\/\/videochefgastro.com\/wp-content\/uploads\/2025\/08\/video-gastronomico-2-2.png&#8221; title_text=&#8221;Video-Gastronomico-2&#8243; _builder_version=&#8221;4.27.4&#8243; _module_preset=&#8221;default&#8221; transform_rotate=&#8221;20deg|0deg|335deg&#8221; transform_skew=&#8221;23deg|0deg&#8221; transform_skew_linked=&#8221;off&#8221; z_index=&#8221;2&#8243; custom_margin=&#8221;|-5%|-40%|5%|false|false&#8221; custom_margin_tablet=&#8221;0%|0%||0%|false|true&#8221; custom_margin_phone=&#8221;0%|0%||0%|false|true&#8221; custom_margin_last_edited=&#8221;on|desktop&#8221; border_radii=&#8221;on|10px|10px|10px|10px&#8221; border_color_all=&#8221;#FFFFFF&#8221; border_width_bottom=&#8221;2px&#8221; border_width_left=&#8221;2px&#8221; box_shadow_style=&#8221;preset4&#8243; box_shadow_horizontal=&#8221;-30px&#8221; box_shadow_vertical=&#8221;30px&#8221; box_shadow_blur=&#8221;60px&#8221; box_shadow_color=&#8221;rgba(202,113,221,0.3)&#8221; locked=&#8221;off&#8221; global_colors_info=&#8221;{}&#8221;][\/et_pb_image][et_pb_image src=&#8221;https:\/\/videochefgastro.com\/wp-content\/uploads\/2025\/08\/video-gastronomico-3-1.png&#8221; title_text=&#8221;Video-Gastronomico-3&#8243; _builder_version=&#8221;4.27.4&#8243; _module_preset=&#8221;default&#8221; transform_rotate=&#8221;20deg|0deg|335deg&#8221; transform_skew=&#8221;23deg|0deg&#8221; transform_skew_linked=&#8221;off&#8221; z_index=&#8221;1&#8243; custom_margin=&#8221;|-5%|-40%|5%|false|false&#8221; custom_margin_tablet=&#8221;|0%|-40%|0%|false|true&#8221; custom_margin_phone=&#8221;|0%|-40%|0%|false|true&#8221; custom_margin_last_edited=&#8221;on|tablet&#8221; border_radii=&#8221;on|10px|10px|10px|10px&#8221; border_color_all=&#8221;#FFFFFF&#8221; border_width_bottom=&#8221;2px&#8221; border_width_left=&#8221;2px&#8221; box_shadow_style=&#8221;preset4&#8243; box_shadow_horizontal=&#8221;-30px&#8221; box_shadow_vertical=&#8221;30px&#8221; box_shadow_blur=&#8221;60px&#8221; box_shadow_color=&#8221;rgba(202,113,221,0.3)&#8221; locked=&#8221;off&#8221; global_colors_info=&#8221;{}&#8221;][\/et_pb_image][et_pb_image src=&#8221;https:\/\/videochefgastro.com\/wp-content\/uploads\/2025\/08\/video-gastronomico-1.png&#8221; title_text=&#8221;Video-Gastronomico-1&#8243; _builder_version=&#8221;4.27.4&#8243; _module_preset=&#8221;default&#8221; transform_rotate=&#8221;20deg|0deg|335deg&#8221; transform_skew=&#8221;23deg|0deg&#8221; transform_skew_linked=&#8221;off&#8221; custom_margin=&#8221;|-5%||5%|false|false&#8221; custom_margin_tablet=&#8221;|0%||0%|false|true&#8221; custom_margin_phone=&#8221;|0%||0%|false|true&#8221; custom_margin_last_edited=&#8221;on|tablet&#8221; border_radii=&#8221;on|10px|10px|10px|10px&#8221; border_color_all=&#8221;#FFFFFF&#8221; border_width_bottom=&#8221;2px&#8221; border_width_left=&#8221;2px&#8221; box_shadow_style=&#8221;preset4&#8243; box_shadow_horizontal=&#8221;-30px&#8221; box_shadow_vertical=&#8221;30px&#8221; box_shadow_blur=&#8221;60px&#8221; box_shadow_color=&#8221;rgba(202,113,221,0.3)&#8221; locked=&#8221;off&#8221; global_colors_info=&#8221;{}&#8221;][\/et_pb_image][\/et_pb_column][\/et_pb_row][\/et_pb_section]<\/p>\n","protected":false},"excerpt":{"rendered":"<p>WHERE FLAVORS TELL STORIESWe shape ideas, showcase the virtues of the best products, and make images tell what the other senses will discover later, with respect and appreciation for the brands. Audiovisual Production Specialized in the Gastronomy SectorWe analyze the figure of each chef, their philosophy, their personality, their cuisine, their location and restaurant, and [&hellip;]<\/p>\n","protected":false},"author":1,"featured_media":0,"parent":0,"menu_order":0,"comment_status":"closed","ping_status":"open","template":"","meta":{"_et_pb_use_builder":"on","_et_pb_old_content":"","_et_gb_content_width":"","footnotes":""},"class_list":["post-329","page","type-page","status-publish","hentry"],"yoast_head":"<!-- This site is optimized with the Yoast SEO plugin v25.6 - https:\/\/yoast.com\/wordpress\/plugins\/seo\/ -->\n<title>V\u00eddeo Chef Gastro \u2013 Professional Cooking Videos for Chefs and Gastronomy<\/title>\n<meta name=\"description\" content=\"V\u00eddeoChef Gastro creates professional cooking videos for chefs, restaurants, and the hospitality industry. Enrich your visual communication with high-impact culinary content.\" \/>\n<meta name=\"robots\" content=\"index, follow, max-snippet:-1, max-image-preview:large, max-video-preview:-1\" \/>\n<link rel=\"canonical\" href=\"https:\/\/videochefgastro.com\/\" \/>\n<meta property=\"og:locale\" content=\"en_US\" \/>\n<meta property=\"og:type\" content=\"article\" \/>\n<meta property=\"og:title\" content=\"V\u00eddeo Chef Gastro \u2013 Professional Cooking Videos for Chefs and Gastronomy\" \/>\n<meta property=\"og:description\" content=\"V\u00eddeoChef Gastro creates professional cooking videos for chefs, restaurants, and the hospitality industry. Enrich your visual communication with high-impact culinary content.\" \/>\n<meta property=\"og:url\" content=\"https:\/\/videochefgastro.com\/\" \/>\n<meta property=\"og:site_name\" content=\"V\u00eddeo Chef Gastro\" \/>\n<meta property=\"article:modified_time\" content=\"2025-09-04T10:31:36+00:00\" \/>\n<meta name=\"twitter:card\" content=\"summary_large_image\" \/>\n<meta name=\"twitter:label1\" content=\"Est. reading time\" \/>\n\t<meta name=\"twitter:data1\" content=\"7 minutes\" \/>\n<script type=\"application\/ld+json\" class=\"yoast-schema-graph\">{\"@context\":\"https:\/\/schema.org\",\"@graph\":[{\"@type\":\"WebPage\",\"@id\":\"https:\/\/videochefgastro.com\/\",\"url\":\"https:\/\/videochefgastro.com\/\",\"name\":\"V\u00eddeo Chef Gastro \u2013 Professional Cooking Videos for Chefs and Gastronomy\",\"isPartOf\":{\"@id\":\"https:\/\/videochefgastro.com\/#website\"},\"datePublished\":\"2025-08-06T16:28:30+00:00\",\"dateModified\":\"2025-09-04T10:31:36+00:00\",\"description\":\"V\u00eddeoChef Gastro creates professional cooking videos for chefs, restaurants, and the hospitality industry. Enrich your visual communication with high-impact culinary content.\",\"breadcrumb\":{\"@id\":\"https:\/\/videochefgastro.com\/#breadcrumb\"},\"inLanguage\":\"en-US\",\"potentialAction\":[{\"@type\":\"ReadAction\",\"target\":[\"https:\/\/videochefgastro.com\/\"]}]},{\"@type\":\"BreadcrumbList\",\"@id\":\"https:\/\/videochefgastro.com\/#breadcrumb\",\"itemListElement\":[{\"@type\":\"ListItem\",\"position\":1,\"name\":\"Portada\",\"item\":\"https:\/\/videochefgastro.com\/\"},{\"@type\":\"ListItem\",\"position\":2,\"name\":\"Home\"}]},{\"@type\":\"WebSite\",\"@id\":\"https:\/\/videochefgastro.com\/#website\",\"url\":\"https:\/\/videochefgastro.com\/\",\"name\":\"V\u00eddeo Chef Gastro\",\"description\":\"\",\"potentialAction\":[{\"@type\":\"SearchAction\",\"target\":{\"@type\":\"EntryPoint\",\"urlTemplate\":\"https:\/\/videochefgastro.com\/?s={search_term_string}\"},\"query-input\":{\"@type\":\"PropertyValueSpecification\",\"valueRequired\":true,\"valueName\":\"search_term_string\"}}],\"inLanguage\":\"en-US\"}]}<\/script>\n<!-- \/ Yoast SEO plugin. -->","yoast_head_json":{"title":"V\u00eddeo Chef Gastro \u2013 Professional Cooking Videos for Chefs and Gastronomy","description":"V\u00eddeoChef Gastro creates professional cooking videos for chefs, restaurants, and the hospitality industry. Enrich your visual communication with high-impact culinary content.","robots":{"index":"index","follow":"follow","max-snippet":"max-snippet:-1","max-image-preview":"max-image-preview:large","max-video-preview":"max-video-preview:-1"},"canonical":"https:\/\/videochefgastro.com\/","og_locale":"en_US","og_type":"article","og_title":"V\u00eddeo Chef Gastro \u2013 Professional Cooking Videos for Chefs and Gastronomy","og_description":"V\u00eddeoChef Gastro creates professional cooking videos for chefs, restaurants, and the hospitality industry. Enrich your visual communication with high-impact culinary content.","og_url":"https:\/\/videochefgastro.com\/","og_site_name":"V\u00eddeo Chef Gastro","article_modified_time":"2025-09-04T10:31:36+00:00","twitter_card":"summary_large_image","twitter_misc":{"Est. reading time":"7 minutes"},"schema":{"@context":"https:\/\/schema.org","@graph":[{"@type":"WebPage","@id":"https:\/\/videochefgastro.com\/","url":"https:\/\/videochefgastro.com\/","name":"V\u00eddeo Chef Gastro \u2013 Professional Cooking Videos for Chefs and Gastronomy","isPartOf":{"@id":"https:\/\/videochefgastro.com\/#website"},"datePublished":"2025-08-06T16:28:30+00:00","dateModified":"2025-09-04T10:31:36+00:00","description":"V\u00eddeoChef Gastro creates professional cooking videos for chefs, restaurants, and the hospitality industry. Enrich your visual communication with high-impact culinary content.","breadcrumb":{"@id":"https:\/\/videochefgastro.com\/#breadcrumb"},"inLanguage":"en-US","potentialAction":[{"@type":"ReadAction","target":["https:\/\/videochefgastro.com\/"]}]},{"@type":"BreadcrumbList","@id":"https:\/\/videochefgastro.com\/#breadcrumb","itemListElement":[{"@type":"ListItem","position":1,"name":"Portada","item":"https:\/\/videochefgastro.com\/"},{"@type":"ListItem","position":2,"name":"Home"}]},{"@type":"WebSite","@id":"https:\/\/videochefgastro.com\/#website","url":"https:\/\/videochefgastro.com\/","name":"V\u00eddeo Chef Gastro","description":"","potentialAction":[{"@type":"SearchAction","target":{"@type":"EntryPoint","urlTemplate":"https:\/\/videochefgastro.com\/?s={search_term_string}"},"query-input":{"@type":"PropertyValueSpecification","valueRequired":true,"valueName":"search_term_string"}}],"inLanguage":"en-US"}]}},"_links":{"self":[{"href":"https:\/\/videochefgastro.com\/en\/index.php\/wp-json\/wp\/v2\/pages\/329","targetHints":{"allow":["GET"]}}],"collection":[{"href":"https:\/\/videochefgastro.com\/en\/index.php\/wp-json\/wp\/v2\/pages"}],"about":[{"href":"https:\/\/videochefgastro.com\/en\/index.php\/wp-json\/wp\/v2\/types\/page"}],"author":[{"embeddable":true,"href":"https:\/\/videochefgastro.com\/en\/index.php\/wp-json\/wp\/v2\/users\/1"}],"replies":[{"embeddable":true,"href":"https:\/\/videochefgastro.com\/en\/index.php\/wp-json\/wp\/v2\/comments?post=329"}],"version-history":[{"count":5,"href":"https:\/\/videochefgastro.com\/en\/index.php\/wp-json\/wp\/v2\/pages\/329\/revisions"}],"predecessor-version":[{"id":344,"href":"https:\/\/videochefgastro.com\/en\/index.php\/wp-json\/wp\/v2\/pages\/329\/revisions\/344"}],"wp:attachment":[{"href":"https:\/\/videochefgastro.com\/en\/index.php\/wp-json\/wp\/v2\/media?parent=329"}],"curies":[{"name":"wp","href":"https:\/\/api.w.org\/{rel}","templated":true}]}}