{"id":326,"date":"2025-08-07T11:52:40","date_gmt":"2025-08-07T11:52:40","guid":{"rendered":"https:\/\/videochefgastro.com\/index.php\/recipes\/"},"modified":"2025-08-08T15:07:57","modified_gmt":"2025-08-08T15:07:57","slug":"recipes","status":"publish","type":"page","link":"https:\/\/videochefgastro.com\/en\/index.php\/recipes\/","title":{"rendered":"Recipes"},"content":{"rendered":"<p>[et_pb_section fb_built=&#8221;1&#8243; _builder_version=&#8221;4.27.4&#8243; _module_preset=&#8221;default&#8221; background_color=&#8221;#bfa9ea&#8221; custom_padding=&#8221;6vw||6vw||true|false&#8221; locked=&#8221;off&#8221; global_colors_info=&#8221;{}&#8221;][et_pb_row column_structure=&#8221;3_5,2_5&#8243; _builder_version=&#8221;4.27.4&#8243; _module_preset=&#8221;default&#8221; global_colors_info=&#8221;{}&#8221;][et_pb_column type=&#8221;3_5&#8243; _builder_version=&#8221;4.27.4&#8243; _module_preset=&#8221;default&#8221; global_colors_info=&#8221;{}&#8221;][et_pb_text _builder_version=&#8221;4.27.4&#8243; _module_preset=&#8221;default&#8221; header_font=&#8221;Anton||||||||&#8221; header_text_color=&#8221;#121212&#8243; header_font_size=&#8221;72px&#8221; header_letter_spacing=&#8221;0.02em&#8221; header_line_height=&#8221;1.1em&#8221; header_font_size_tablet=&#8221;40px&#8221; header_font_size_phone=&#8221;24px&#8221; header_font_size_last_edited=&#8221;on|phone&#8221; global_colors_info=&#8221;{}&#8221;]<\/p>\n<h1>RECIPES<\/h1>\n<p>[\/et_pb_text][et_pb_text _builder_version=&#8221;4.27.4&#8243; _module_preset=&#8221;default&#8221; text_font=&#8221;Inter||||||||&#8221; text_text_color=&#8221;#121212&#8243; text_line_height=&#8221;1.8em&#8221; text_font_size_tablet=&#8221;15px&#8221; text_font_size_phone=&#8221;15px&#8221; text_font_size_last_edited=&#8221;on|tablet&#8221; global_colors_info=&#8221;{}&#8221;]<\/p>\n<p>We turn the most complex recipes into the simple description everyone expects, highlighting products and brands and featuring them in association with great national and international chefs.<\/p>\n<p>[\/et_pb_text][et_pb_button button_url=&#8221;https:\/\/storytellingastro.com\/recetas\/&#8221; button_text=&#8221;Recipes&#8221; _builder_version=&#8221;4.27.4&#8243; _module_preset=&#8221;default&#8221; custom_button=&#8221;on&#8221; button_text_size=&#8221;14px&#8221; button_text_color=&#8221;#bfa9ea&#8221; button_bg_color=&#8221;#000000&#8243; button_border_width=&#8221;0px&#8221; button_border_radius=&#8221;100px&#8221; button_font=&#8221;Inter|700|||||||&#8221; custom_padding=&#8221;16px|40px|16px|40px|true|true&#8221; global_colors_info=&#8221;{}&#8221;][\/et_pb_button][\/et_pb_column][et_pb_column type=&#8221;2_5&#8243; _builder_version=&#8221;4.27.4&#8243; _module_preset=&#8221;default&#8221; global_colors_info=&#8221;{}&#8221;][et_pb_image src=&#8221;https:\/\/videochefgastro.com\/wp-content\/uploads\/2025\/08\/chef-yoko-hasei.png&#8221; alt=&#8221;Isola di Mogador recipe&#8221; title_text=&#8221;Chef-Yoko-Hasei&#8221; align=&#8221;center&#8221; _builder_version=&#8221;4.27.4&#8243; _module_preset=&#8221;default&#8221; transform_scale_tablet=&#8221;&#8221; transform_scale_phone=&#8221;&#8221; transform_scale_last_edited=&#8221;on|tablet&#8221; transform_translate_tablet=&#8221;&#8221; transform_translate_phone=&#8221;&#8221; transform_translate_last_edited=&#8221;on|tablet&#8221; transform_rotate=&#8221;20deg|0deg|355deg&#8221; transform_rotate_tablet=&#8221;0deg|0deg|0deg&#8221; transform_rotate_phone=&#8221;0deg|0deg|0deg&#8221; transform_rotate_last_edited=&#8221;on|tablet&#8221; transform_skew=&#8221;23deg|0deg&#8221; transform_skew_tablet=&#8221;0deg|0deg&#8221; transform_skew_phone=&#8221;0deg|0deg&#8221; transform_skew_last_edited=&#8221;on|tablet&#8221; transform_skew_linked=&#8221;off&#8221; transform_origin_tablet=&#8221;&#8221; transform_origin_phone=&#8221;&#8221; transform_origin_last_edited=&#8221;on|tablet&#8221; transform_styles_last_edited=&#8221;on|tablet&#8221; max_width_tablet=&#8221;500px&#8221; max_width_phone=&#8221;500px&#8221; max_width_last_edited=&#8221;on|tablet&#8221; custom_margin=&#8221;|-5%|-30%|5%|false|false&#8221; custom_margin_tablet=&#8221;||-10%||false|false&#8221; custom_margin_phone=&#8221;||-10%||false|false&#8221; custom_margin_last_edited=&#8221;on|tablet&#8221; transform_styles_tablet=&#8221;&#8221; transform_styles_phone=&#8221;&#8221; border_radii=&#8221;on|10px|10px|10px|10px&#8221; border_width_bottom=&#8221;2px&#8221; border_color_bottom=&#8221;#FFFFFF&#8221; border_width_left=&#8221;2px&#8221; border_color_left=&#8221;#FFFFFF&#8221; box_shadow_style=&#8221;preset1&#8243; box_shadow_horizontal=&#8221;-30px&#8221; box_shadow_vertical=&#8221;30px&#8221; box_shadow_blur=&#8221;60px&#8221; box_shadow_color=&#8221;rgba(202,113,221,0.3)&#8221; global_colors_info=&#8221;{}&#8221;][\/et_pb_image][et_pb_image src=&#8221;https:\/\/videochefgastro.com\/wp-content\/uploads\/2025\/08\/Tono-Perez.png&#8221; alt=&#8221;Isola di Mogador recipe&#8221; title_text=&#8221;Tono-Perez&#8221; align=&#8221;center&#8221; _builder_version=&#8221;4.27.4&#8243; _module_preset=&#8221;default&#8221; transform_scale_tablet=&#8221;&#8221; transform_scale_phone=&#8221;&#8221; transform_scale_last_edited=&#8221;on|tablet&#8221; transform_translate_tablet=&#8221;&#8221; transform_translate_phone=&#8221;&#8221; transform_translate_last_edited=&#8221;on|tablet&#8221; transform_rotate=&#8221;20deg|0deg|355deg&#8221; transform_rotate_tablet=&#8221;0deg|0deg|0deg&#8221; transform_rotate_phone=&#8221;0deg|0deg|0deg&#8221; transform_rotate_last_edited=&#8221;on|tablet&#8221; transform_skew=&#8221;23deg|0deg&#8221; transform_skew_tablet=&#8221;0deg|0deg&#8221; transform_skew_phone=&#8221;0deg|0deg&#8221; transform_skew_last_edited=&#8221;on|tablet&#8221; transform_skew_linked=&#8221;off&#8221; transform_origin_tablet=&#8221;&#8221; transform_origin_phone=&#8221;&#8221; transform_origin_last_edited=&#8221;on|tablet&#8221; transform_styles_last_edited=&#8221;on|tablet&#8221; max_width_tablet=&#8221;500px&#8221; max_width_phone=&#8221;500px&#8221; max_width_last_edited=&#8221;on|tablet&#8221; custom_margin=&#8221;|-5%|-30%|5%|false|false&#8221; custom_margin_tablet=&#8221;||-10%||false|false&#8221; custom_margin_phone=&#8221;||-10%||false|false&#8221; custom_margin_last_edited=&#8221;on|tablet&#8221; transform_styles_tablet=&#8221;&#8221; transform_styles_phone=&#8221;&#8221; border_radii=&#8221;on|10px|10px|10px|10px&#8221; border_width_bottom=&#8221;2px&#8221; border_color_bottom=&#8221;#FFFFFF&#8221; border_width_left=&#8221;2px&#8221; border_color_left=&#8221;#FFFFFF&#8221; box_shadow_style=&#8221;preset1&#8243; box_shadow_horizontal=&#8221;-30px&#8221; box_shadow_vertical=&#8221;30px&#8221; box_shadow_blur=&#8221;60px&#8221; box_shadow_color=&#8221;rgba(202,113,221,0.3)&#8221; global_colors_info=&#8221;{}&#8221;][\/et_pb_image][et_pb_image src=&#8221;https:\/\/videochefgastro.com\/wp-content\/uploads\/2025\/08\/Chef-Maria-Jose-Martinez.png&#8221; alt=&#8221;Jordi Cruz&#8221; title_text=&#8221;Chef-Mar\u00eda-Jos\u00e9-Mart\u00ednez&#8221; align=&#8221;center&#8221; _builder_version=&#8221;4.27.4&#8243; _module_preset=&#8221;default&#8221; transform_scale_tablet=&#8221;&#8221; transform_scale_phone=&#8221;&#8221; transform_scale_last_edited=&#8221;on|tablet&#8221; transform_translate_tablet=&#8221;&#8221; transform_translate_phone=&#8221;&#8221; transform_translate_last_edited=&#8221;on|tablet&#8221; transform_rotate=&#8221;20deg|0deg|355deg&#8221; transform_rotate_tablet=&#8221;0deg|0deg|0deg&#8221; transform_rotate_phone=&#8221;0deg|0deg|0deg&#8221; transform_rotate_last_edited=&#8221;on|tablet&#8221; transform_skew=&#8221;23deg|0deg&#8221; transform_skew_tablet=&#8221;0deg|0deg&#8221; transform_skew_phone=&#8221;0deg|0deg&#8221; transform_skew_last_edited=&#8221;on|tablet&#8221; transform_skew_linked=&#8221;off&#8221; transform_origin_tablet=&#8221;&#8221; transform_origin_phone=&#8221;&#8221; transform_origin_last_edited=&#8221;on|tablet&#8221; transform_styles_last_edited=&#8221;on|tablet&#8221; max_width_tablet=&#8221;500px&#8221; max_width_phone=&#8221;500px&#8221; max_width_last_edited=&#8221;on|tablet&#8221; custom_margin=&#8221;|-5%||5%|false|false&#8221; transform_styles_tablet=&#8221;&#8221; transform_styles_phone=&#8221;&#8221; border_radii=&#8221;on|10px|10px|10px|10px&#8221; border_width_bottom=&#8221;2px&#8221; border_color_bottom=&#8221;#FFFFFF&#8221; border_width_left=&#8221;2px&#8221; border_color_left=&#8221;#FFFFFF&#8221; box_shadow_style=&#8221;preset1&#8243; box_shadow_horizontal=&#8221;-30px&#8221; box_shadow_vertical=&#8221;30px&#8221; box_shadow_blur=&#8221;60px&#8221; box_shadow_color=&#8221;rgba(202,113,221,0.3)&#8221; global_colors_info=&#8221;{}&#8221;][\/et_pb_image][\/et_pb_column][\/et_pb_row][\/et_pb_section]<\/p>\n","protected":false},"excerpt":{"rendered":"<p>RECIPESWe turn the most complex recipes into the simple description everyone expects, highlighting products and brands and featuring them in association with great national and international chefs.<\/p>\n","protected":false},"author":1,"featured_media":0,"parent":0,"menu_order":0,"comment_status":"closed","ping_status":"closed","template":"","meta":{"_et_pb_use_builder":"on","_et_pb_old_content":"","_et_gb_content_width":"","footnotes":""},"class_list":["post-326","page","type-page","status-publish","hentry"],"yoast_head":"<!-- This site is optimized with the Yoast SEO plugin v25.6 - https:\/\/yoast.com\/wordpress\/plugins\/seo\/ -->\n<title>Video Recipes \u2013 Step-by-step Cooking for Chefs and Amateurs | Video Chef Gastro<\/title>\n<meta name=\"description\" content=\"Explore our video recipes: learn culinary techniques and outstanding recipes step by step. Perfect for chefs, amateurs, and gastronomic businesses looking for visual inspiration.\" \/>\n<meta name=\"robots\" content=\"index, follow, max-snippet:-1, max-image-preview:large, max-video-preview:-1\" \/>\n<link rel=\"canonical\" href=\"https:\/\/videochefgastro.com\/en\/index.php\/recipes\/\" \/>\n<meta property=\"og:locale\" content=\"en_US\" \/>\n<meta property=\"og:type\" content=\"article\" \/>\n<meta property=\"og:title\" content=\"Video Recipes \u2013 Step-by-step Cooking for Chefs and Amateurs | Video Chef Gastro\" \/>\n<meta property=\"og:description\" content=\"Explore our video recipes: learn culinary techniques and outstanding recipes step by step. Perfect for chefs, amateurs, and gastronomic businesses looking for visual inspiration.\" \/>\n<meta property=\"og:url\" content=\"https:\/\/videochefgastro.com\/en\/index.php\/recipes\/\" \/>\n<meta property=\"og:site_name\" content=\"V\u00eddeo Chef Gastro\" \/>\n<meta property=\"article:modified_time\" content=\"2025-08-08T15:07:57+00:00\" \/>\n<meta name=\"twitter:card\" content=\"summary_large_image\" \/>\n<meta name=\"twitter:label1\" content=\"Est. reading time\" \/>\n\t<meta name=\"twitter:data1\" content=\"4 minutes\" \/>\n<script type=\"application\/ld+json\" class=\"yoast-schema-graph\">{\"@context\":\"https:\/\/schema.org\",\"@graph\":[{\"@type\":\"WebPage\",\"@id\":\"https:\/\/videochefgastro.com\/en\/index.php\/recipes\/\",\"url\":\"https:\/\/videochefgastro.com\/en\/index.php\/recipes\/\",\"name\":\"Video Recipes \u2013 Step-by-step Cooking for Chefs and Amateurs | Video Chef Gastro\",\"isPartOf\":{\"@id\":\"https:\/\/videochefgastro.com\/#website\"},\"datePublished\":\"2025-08-07T11:52:40+00:00\",\"dateModified\":\"2025-08-08T15:07:57+00:00\",\"description\":\"Explore our video recipes: learn culinary techniques and outstanding recipes step by step. Perfect for chefs, amateurs, and gastronomic businesses looking for visual inspiration.\",\"breadcrumb\":{\"@id\":\"https:\/\/videochefgastro.com\/en\/index.php\/recipes\/#breadcrumb\"},\"inLanguage\":\"en-US\",\"potentialAction\":[{\"@type\":\"ReadAction\",\"target\":[\"https:\/\/videochefgastro.com\/en\/index.php\/recipes\/\"]}]},{\"@type\":\"BreadcrumbList\",\"@id\":\"https:\/\/videochefgastro.com\/en\/index.php\/recipes\/#breadcrumb\",\"itemListElement\":[{\"@type\":\"ListItem\",\"position\":1,\"name\":\"Portada\",\"item\":\"https:\/\/videochefgastro.com\/\"},{\"@type\":\"ListItem\",\"position\":2,\"name\":\"Recipes\"}]},{\"@type\":\"WebSite\",\"@id\":\"https:\/\/videochefgastro.com\/#website\",\"url\":\"https:\/\/videochefgastro.com\/\",\"name\":\"V\u00eddeo Chef Gastro\",\"description\":\"\",\"potentialAction\":[{\"@type\":\"SearchAction\",\"target\":{\"@type\":\"EntryPoint\",\"urlTemplate\":\"https:\/\/videochefgastro.com\/?s={search_term_string}\"},\"query-input\":{\"@type\":\"PropertyValueSpecification\",\"valueRequired\":true,\"valueName\":\"search_term_string\"}}],\"inLanguage\":\"en-US\"}]}<\/script>\n<!-- \/ Yoast SEO plugin. -->","yoast_head_json":{"title":"Video Recipes \u2013 Step-by-step Cooking for Chefs and Amateurs | Video Chef Gastro","description":"Explore our video recipes: learn culinary techniques and outstanding recipes step by step. Perfect for chefs, amateurs, and gastronomic businesses looking for visual inspiration.","robots":{"index":"index","follow":"follow","max-snippet":"max-snippet:-1","max-image-preview":"max-image-preview:large","max-video-preview":"max-video-preview:-1"},"canonical":"https:\/\/videochefgastro.com\/en\/index.php\/recipes\/","og_locale":"en_US","og_type":"article","og_title":"Video Recipes \u2013 Step-by-step Cooking for Chefs and Amateurs | Video Chef Gastro","og_description":"Explore our video recipes: learn culinary techniques and outstanding recipes step by step. Perfect for chefs, amateurs, and gastronomic businesses looking for visual inspiration.","og_url":"https:\/\/videochefgastro.com\/en\/index.php\/recipes\/","og_site_name":"V\u00eddeo Chef Gastro","article_modified_time":"2025-08-08T15:07:57+00:00","twitter_card":"summary_large_image","twitter_misc":{"Est. reading time":"4 minutes"},"schema":{"@context":"https:\/\/schema.org","@graph":[{"@type":"WebPage","@id":"https:\/\/videochefgastro.com\/en\/index.php\/recipes\/","url":"https:\/\/videochefgastro.com\/en\/index.php\/recipes\/","name":"Video Recipes \u2013 Step-by-step Cooking for Chefs and Amateurs | Video Chef Gastro","isPartOf":{"@id":"https:\/\/videochefgastro.com\/#website"},"datePublished":"2025-08-07T11:52:40+00:00","dateModified":"2025-08-08T15:07:57+00:00","description":"Explore our video recipes: learn culinary techniques and outstanding recipes step by step. Perfect for chefs, amateurs, and gastronomic businesses looking for visual inspiration.","breadcrumb":{"@id":"https:\/\/videochefgastro.com\/en\/index.php\/recipes\/#breadcrumb"},"inLanguage":"en-US","potentialAction":[{"@type":"ReadAction","target":["https:\/\/videochefgastro.com\/en\/index.php\/recipes\/"]}]},{"@type":"BreadcrumbList","@id":"https:\/\/videochefgastro.com\/en\/index.php\/recipes\/#breadcrumb","itemListElement":[{"@type":"ListItem","position":1,"name":"Portada","item":"https:\/\/videochefgastro.com\/"},{"@type":"ListItem","position":2,"name":"Recipes"}]},{"@type":"WebSite","@id":"https:\/\/videochefgastro.com\/#website","url":"https:\/\/videochefgastro.com\/","name":"V\u00eddeo Chef Gastro","description":"","potentialAction":[{"@type":"SearchAction","target":{"@type":"EntryPoint","urlTemplate":"https:\/\/videochefgastro.com\/?s={search_term_string}"},"query-input":{"@type":"PropertyValueSpecification","valueRequired":true,"valueName":"search_term_string"}}],"inLanguage":"en-US"}]}},"_links":{"self":[{"href":"https:\/\/videochefgastro.com\/en\/index.php\/wp-json\/wp\/v2\/pages\/326","targetHints":{"allow":["GET"]}}],"collection":[{"href":"https:\/\/videochefgastro.com\/en\/index.php\/wp-json\/wp\/v2\/pages"}],"about":[{"href":"https:\/\/videochefgastro.com\/en\/index.php\/wp-json\/wp\/v2\/types\/page"}],"author":[{"embeddable":true,"href":"https:\/\/videochefgastro.com\/en\/index.php\/wp-json\/wp\/v2\/users\/1"}],"replies":[{"embeddable":true,"href":"https:\/\/videochefgastro.com\/en\/index.php\/wp-json\/wp\/v2\/comments?post=326"}],"version-history":[{"count":3,"href":"https:\/\/videochefgastro.com\/en\/index.php\/wp-json\/wp\/v2\/pages\/326\/revisions"}],"predecessor-version":[{"id":333,"href":"https:\/\/videochefgastro.com\/en\/index.php\/wp-json\/wp\/v2\/pages\/326\/revisions\/333"}],"wp:attachment":[{"href":"https:\/\/videochefgastro.com\/en\/index.php\/wp-json\/wp\/v2\/media?parent=326"}],"curies":[{"name":"wp","href":"https:\/\/api.w.org\/{rel}","templated":true}]}}